{"id":2,"date":"2016-05-10T03:48:21","date_gmt":"2016-05-10T03:48:21","guid":{"rendered":"https:\/\/thisisthemexicanway.mx\/?page_id=2"},"modified":"2022-10-03T02:19:50","modified_gmt":"2022-10-03T02:19:50","slug":"sample-page","status":"publish","type":"page","link":"https:\/\/thisisthemexicanway.com.mx\/?page_id=2","title":{"rendered":"The Mexican Way"},"content":{"rendered":"\n<p>Aunque completamente espontaneas las palabras de Checo P\u00e9rez nos hacen sentirnos identificados a millones de Mexicanos, para quienes las cosas no han sido f\u00e1ciles, y que a pesar de todos los obst\u00e1culos que encontramos en el d\u00eda a d\u00eda, no dejamos de luchar; algunos encontrando el \u00e9xito, otros en proceso de lograrlo, otros tantos que ya no les dio tiempo encontrarlo, pero siempre con el mismo esp\u00edritu de lucha ante cualquier adversidad.<\/p>\n","protected":false},"excerpt":{"rendered":"<p>Aunque completamente espontaneas las palabras de Checo P\u00e9rez nos hacen sentirnos identificados a millones de Mexicanos, para quienes las cosas no han sido f\u00e1ciles, y que a pesar de todos los obst\u00e1culos que encontramos en el d\u00eda a d\u00eda, no dejamos de luchar; algunos encontrando el \u00e9xito, otros en proceso de lograrlo, otros tantos que [&hellip;]<\/p>\n","protected":false},"author":1,"featured_media":87,"parent":0,"menu_order":0,"comment_status":"closed","ping_status":"closed","template":"","meta":{"footnotes":""},"class_list":["post-2","page","type-page","status-publish","has-post-thumbnail","hentry"],"_links":{"self":[{"href":"https:\/\/thisisthemexicanway.com.mx\/index.php?rest_route=\/wp\/v2\/pages\/2","targetHints":{"allow":["GET"]}}],"collection":[{"href":"https:\/\/thisisthemexicanway.com.mx\/index.php?rest_route=\/wp\/v2\/pages"}],"about":[{"href":"https:\/\/thisisthemexicanway.com.mx\/index.php?rest_route=\/wp\/v2\/types\/page"}],"author":[{"embeddable":true,"href":"https:\/\/thisisthemexicanway.com.mx\/index.php?rest_route=\/wp\/v2\/users\/1"}],"replies":[{"embeddable":true,"href":"https:\/\/thisisthemexicanway.com.mx\/index.php?rest_route=%2Fwp%2Fv2%2Fcomments&post=2"}],"version-history":[{"count":0,"href":"https:\/\/thisisthemexicanway.com.mx\/index.php?rest_route=\/wp\/v2\/pages\/2\/revisions"}],"wp:featuredmedia":[{"embeddable":true,"href":"https:\/\/thisisthemexicanway.com.mx\/index.php?rest_route=\/wp\/v2\/media\/87"}],"wp:attachment":[{"href":"https:\/\/thisisthemexicanway.com.mx\/index.php?rest_route=%2Fwp%2Fv2%2Fmedia&parent=2"}],"curies":[{"name":"wp","href":"https:\/\/api.w.org\/{rel}","templated":true}]}}